{"id":52,"date":"2026-02-07T18:14:34","date_gmt":"2026-02-07T17:14:34","guid":{"rendered":"https:\/\/schutzwald-pleinfeld.de\/?page_id=52"},"modified":"2026-02-17T20:46:37","modified_gmt":"2026-02-17T19:46:37","slug":"mitmachen","status":"publish","type":"page","link":"https:\/\/schutzwald-pleinfeld.de\/?page_id=52","title":{"rendered":"Mitmachen"},"content":{"rendered":"\n<div class=\"wp-block-media-text is-stacked-on-mobile is-image-fill-element has-background\" style=\"background-color:#aeb5ee;grid-template-columns:31% auto\"><figure class=\"wp-block-media-text__media\"><img loading=\"lazy\" decoding=\"async\" width=\"1024\" height=\"682\" src=\"https:\/\/schutzwald-pleinfeld.de\/wp-content\/uploads\/2026\/02\/allser-woman-6734444_1280-1024x682.jpg\" alt=\"\" class=\"wp-image-126 size-full\" style=\"object-position:71% 49%\" srcset=\"https:\/\/schutzwald-pleinfeld.de\/wp-content\/uploads\/2026\/02\/allser-woman-6734444_1280-1024x682.jpg 1024w, https:\/\/schutzwald-pleinfeld.de\/wp-content\/uploads\/2026\/02\/allser-woman-6734444_1280-300x200.jpg 300w, https:\/\/schutzwald-pleinfeld.de\/wp-content\/uploads\/2026\/02\/allser-woman-6734444_1280-768x512.jpg 768w, https:\/\/schutzwald-pleinfeld.de\/wp-content\/uploads\/2026\/02\/allser-woman-6734444_1280.jpg 1280w\" sizes=\"auto, (max-width: 1024px) 100vw, 1024px\" \/><\/figure><div class=\"wp-block-media-text__content\">\n<h3 class=\"wp-block-heading\">Newsletter<\/h3>\n\n\n\n<p>Wir halten dich auf dem Laufenden. Trag dich hier ein und erhalte unseren Newsletter.<\/p>\n\n\n<div class=\"tnp tnp-subscription \">\n<form method=\"post\" action=\"https:\/\/schutzwald-pleinfeld.de\/wp-admin\/admin-ajax.php?action=tnp&amp;na=s\">\n<input type=\"hidden\" name=\"nlang\" value=\"\">\n<div class=\"tnp-field tnp-field-firstname\"><label for=\"tnp-1\">Vorname<\/label>\n<input class=\"tnp-name\" type=\"text\" name=\"nn\" id=\"tnp-1\" value=\"\" placeholder=\"\"><\/div>\n<div class=\"tnp-field tnp-field-surname\"><label for=\"tnp-2\">Nachname<\/label>\n<input class=\"tnp-surname\" type=\"text\" name=\"ns\" id=\"tnp-2\" value=\"\" placeholder=\"\"><\/div><div class=\"tnp-field tnp-field-email\"><label for=\"tnp-3\">E-Mail-Adresse<\/label>\n<input class=\"tnp-email\" type=\"email\" name=\"ne\" id=\"tnp-3\" value=\"\" placeholder=\"\" required><\/div>\n<div class=\"tnp-field tnp-privacy-field\"><label><input type=\"checkbox\" name=\"ny\" required class=\"tnp-privacy\"> Hiermit akzeptiere ich die Datenschutzbestimmungen<\/label><\/div><div class=\"tnp-field tnp-field-button\" style=\"text-align: left\"><input class=\"tnp-submit\" type=\"submit\" value=\"Abonnieren\" style=\"\">\n<\/div>\n<\/form>\n<\/div>\n\n\n\n\n<p>Keine Angst, du kannst ihn auch jederzeit wieder abbestellen. Die Links dazu findest du immer unten in der E-Mail.<\/p>\n<\/div><\/div>\n\n\n\n<div style=\"height:100px\" aria-hidden=\"true\" class=\"wp-block-spacer\"><\/div>\n\n\n\n<div class=\"wp-block-media-text is-stacked-on-mobile is-image-fill-element has-luminous-vivid-amber-background-color has-background\" style=\"grid-template-columns:31% auto\"><figure class=\"wp-block-media-text__media\"><img loading=\"lazy\" decoding=\"async\" width=\"1024\" height=\"682\" src=\"https:\/\/schutzwald-pleinfeld.de\/wp-content\/uploads\/2026\/02\/yamu_jay-ai-generated-9015588_1280-1024x682.jpg\" alt=\"\" class=\"wp-image-64 size-full\" style=\"object-position:0% 52%\" srcset=\"https:\/\/schutzwald-pleinfeld.de\/wp-content\/uploads\/2026\/02\/yamu_jay-ai-generated-9015588_1280-1024x682.jpg 1024w, https:\/\/schutzwald-pleinfeld.de\/wp-content\/uploads\/2026\/02\/yamu_jay-ai-generated-9015588_1280-300x200.jpg 300w, https:\/\/schutzwald-pleinfeld.de\/wp-content\/uploads\/2026\/02\/yamu_jay-ai-generated-9015588_1280-768x512.jpg 768w, https:\/\/schutzwald-pleinfeld.de\/wp-content\/uploads\/2026\/02\/yamu_jay-ai-generated-9015588_1280.jpg 1280w\" sizes=\"auto, (max-width: 1024px) 100vw, 1024px\" \/><\/figure><div class=\"wp-block-media-text__content\">\n<h3 class=\"wp-block-heading\">Mitmachen \u2013 Gemeinsam den Wald sch\u00fctzen<\/h3>\n\n\n\n<p>Gemeinsam k\u00f6nnen wir mehr erreichen. Jede Stimme, jede Idee und jede helfende Hand st\u00e4rkt unseren Einsatz f\u00fcr den Erhalt des Waldes. Ob du bei Aktionen mitwirken m\u00f6chtest, Informationen weitergibst oder einfach deine Unterst\u00fctzung zeigst \u2013 du bist willkommen.<\/p>\n\n\n\n<p>Du hast Fragen, Anregungen oder m\u00f6chtest dich einbringen? Wir freuen uns \u00fcber jede Nachricht. Der Austausch mit B\u00fcrgerinnen und B\u00fcrgern ist ein zentraler Teil unserer Arbeit \u2013 melde dich gern bei uns.<\/p>\n\n\n\n<p>Schreib uns an <strong><a href=\"mailto:info@schutzwald-pleinfeld.de\">info@schutzwald-pleinfeld.de<\/a><\/strong><\/p>\n<\/div><\/div>\n\n\n\n<p><\/p>\n","protected":false},"excerpt":{"rendered":"<p>Mitmachen \u2013 Gemeinsam den Wald sch\u00fctzen Gemeinsam k\u00f6nnen wir mehr erreichen. Jede Stimme, jede Idee und jede helfende Hand st\u00e4rkt [&hellip;]<\/p>\n","protected":false},"author":1,"featured_media":0,"parent":0,"menu_order":0,"comment_status":"closed","ping_status":"closed","template":"","meta":{"site-sidebar-layout":"default","site-content-layout":"","ast-site-content-layout":"default","site-content-style":"default","site-sidebar-style":"default","ast-global-header-display":"","ast-banner-title-visibility":"","ast-main-header-display":"","ast-hfb-above-header-display":"","ast-hfb-below-header-display":"","ast-hfb-mobile-header-display":"","site-post-title":"","ast-breadcrumbs-content":"","ast-featured-img":"","footer-sml-layout":"","ast-disable-related-posts":"","theme-transparent-header-meta":"","adv-header-id-meta":"","stick-header-meta":"","header-above-stick-meta":"","header-main-stick-meta":"","header-below-stick-meta":"","astra-migrate-meta-layouts":"default","ast-page-background-enabled":"default","ast-page-background-meta":{"desktop":{"background-color":"var(--ast-global-color-5)","background-image":"","background-repeat":"repeat","background-position":"center center","background-size":"auto","background-attachment":"scroll","background-type":"","background-media":"","overlay-type":"","overlay-color":"","overlay-opacity":"","overlay-gradient":""},"tablet":{"background-color":"","background-image":"","background-repeat":"repeat","background-position":"center center","background-size":"auto","background-attachment":"scroll","background-type":"","background-media":"","overlay-type":"","overlay-color":"","overlay-opacity":"","overlay-gradient":""},"mobile":{"background-color":"","background-image":"","background-repeat":"repeat","background-position":"center center","background-size":"auto","background-attachment":"scroll","background-type":"","background-media":"","overlay-type":"","overlay-color":"","overlay-opacity":"","overlay-gradient":""}},"ast-content-background-meta":{"desktop":{"background-color":"var(--ast-global-color-4)","background-image":"","background-repeat":"repeat","background-position":"center center","background-size":"auto","background-attachment":"scroll","background-type":"","background-media":"","overlay-type":"","overlay-color":"","overlay-opacity":"","overlay-gradient":""},"tablet":{"background-color":"var(--ast-global-color-4)","background-image":"","background-repeat":"repeat","background-position":"center center","background-size":"auto","background-attachment":"scroll","background-type":"","background-media":"","overlay-type":"","overlay-color":"","overlay-opacity":"","overlay-gradient":""},"mobile":{"background-color":"var(--ast-global-color-4)","background-image":"","background-repeat":"repeat","background-position":"center center","background-size":"auto","background-attachment":"scroll","background-type":"","background-media":"","overlay-type":"","overlay-color":"","overlay-opacity":"","overlay-gradient":""}},"footnotes":""},"class_list":["post-52","page","type-page","status-publish","hentry"],"_links":{"self":[{"href":"https:\/\/schutzwald-pleinfeld.de\/index.php?rest_route=\/wp\/v2\/pages\/52","targetHints":{"allow":["GET"]}}],"collection":[{"href":"https:\/\/schutzwald-pleinfeld.de\/index.php?rest_route=\/wp\/v2\/pages"}],"about":[{"href":"https:\/\/schutzwald-pleinfeld.de\/index.php?rest_route=\/wp\/v2\/types\/page"}],"author":[{"embeddable":true,"href":"https:\/\/schutzwald-pleinfeld.de\/index.php?rest_route=\/wp\/v2\/users\/1"}],"replies":[{"embeddable":true,"href":"https:\/\/schutzwald-pleinfeld.de\/index.php?rest_route=%2Fwp%2Fv2%2Fcomments&post=52"}],"version-history":[{"count":8,"href":"https:\/\/schutzwald-pleinfeld.de\/index.php?rest_route=\/wp\/v2\/pages\/52\/revisions"}],"predecessor-version":[{"id":130,"href":"https:\/\/schutzwald-pleinfeld.de\/index.php?rest_route=\/wp\/v2\/pages\/52\/revisions\/130"}],"wp:attachment":[{"href":"https:\/\/schutzwald-pleinfeld.de\/index.php?rest_route=%2Fwp%2Fv2%2Fmedia&parent=52"}],"curies":[{"name":"wp","href":"https:\/\/api.w.org\/{rel}","templated":true}]}}